{"id":7,"date":"2019-10-07T15:40:53","date_gmt":"2019-10-07T15:40:53","guid":{"rendered":"http:\/\/2019.pms-laserdream.de\/?page_id=7"},"modified":"2022-08-09T15:37:55","modified_gmt":"2022-08-09T15:37:55","slug":"wir-ueber-uns","status":"publish","type":"page","link":"https:\/\/pms-sound-light.de\/?page_id=7","title":{"rendered":"Wir \u00fcber uns"},"content":{"rendered":"<center><video autoplay=\"autoplay\" loop muted=\"\" width=\"100%\" height=\"100%\">\r\n  <source src=\"http:\/\/pms-sound-light.de\/wp-content\/uploads\/2022\/08\/PMD_Logo_New.mov\" type=\"video\/mp4\" \/>\r\nYour browser does not support the video tag.<\/video><\/center><!-- \/wp:image -->\r\n<p>&nbsp;<\/p>\r\n<p>&nbsp;<\/p>\r\n<!-- wp:paragraph -->\r\n<p style=\"text-align: center;\"><strong>Die PMS Sound &amp; Light ist ein innovativer, kreativer und zuverl\u00e4ssiger Dienstleister im Bereich der Veranstaltungstechnik.<\/strong>\u00a0<\/p>\r\n<p>&nbsp;<\/p>\r\n<!-- \/wp:paragraph -->\r\n\r\n<!-- wp:paragraph -->\r\n<p>Seit 2011 bieten wir professionelle Lasershows und Lasertechnik f\u00fcr unterschiedlichste Eventkonzepte an. Lasershows werden gerade heute als Alternative zu Feuerwerken\/Pyro-Shows oder als besonderes Highlight f\u00fcr fast jede Art von Veranstaltungen gebucht. Der Trend geht immer mehr zu Multimedia Shows, wo die Lasertechnik eine immer wichtigere Rolle spielt.<\/p>\r\n<p style=\"text-align: center;\"><strong>PMS Lasershows sind zum Markenzeichen geworden.<\/strong><\/p>\r\n<!-- \/wp:paragraph -->\r\n\r\n<!-- wp:paragraph -->\r\n<p>Hochzeiten, Partys, Mottoshows, Live-Musik, Messen, Geb\u00e4udemappings, Produktpr\u00e4sentationen, Firmenjubil\u00e4en &#8230;. Lasershows sind so individuell &#8211; kreativ und beeindruckend. Das richtige Beleuchtungskonzept ist der Schl\u00fcssel zum Erfolg Ihrer Veranstaltung. Eine Lasershow wird dann zu einem unvergesslichen und grandiosen H\u00f6hepunkt!<\/p>\r\n<!-- \/wp:paragraph -->\r\n\r\n<!-- wp:paragraph -->\r\n<p style=\"text-align: center;\"><strong>PMS Sound &amp; Light<\/strong><br \/><strong>Marco Engler<\/strong><\/p>\r\n<!-- \/wp:paragraph -->","protected":false},"excerpt":{"rendered":"<p>Your browser does not support the video tag. &nbsp; &nbsp; Die PMS Sound &amp; Light ist ein innovativer, kreativer und zuverl\u00e4ssiger Dienstleister im Bereich der Veranstaltungstechnik.\u00a0 &nbsp; Seit 2011 bieten wir professionelle Lasershows und Lasertechnik &hellip;<\/p>\n","protected":false},"author":1,"featured_media":403,"parent":0,"menu_order":0,"comment_status":"closed","ping_status":"closed","template":"","meta":[],"_links":{"self":[{"href":"https:\/\/pms-sound-light.de\/index.php?rest_route=\/wp\/v2\/pages\/7"}],"collection":[{"href":"https:\/\/pms-sound-light.de\/index.php?rest_route=\/wp\/v2\/pages"}],"about":[{"href":"https:\/\/pms-sound-light.de\/index.php?rest_route=\/wp\/v2\/types\/page"}],"author":[{"embeddable":true,"href":"https:\/\/pms-sound-light.de\/index.php?rest_route=\/wp\/v2\/users\/1"}],"replies":[{"embeddable":true,"href":"https:\/\/pms-sound-light.de\/index.php?rest_route=%2Fwp%2Fv2%2Fcomments&post=7"}],"version-history":[{"count":18,"href":"https:\/\/pms-sound-light.de\/index.php?rest_route=\/wp\/v2\/pages\/7\/revisions"}],"predecessor-version":[{"id":400,"href":"https:\/\/pms-sound-light.de\/index.php?rest_route=\/wp\/v2\/pages\/7\/revisions\/400"}],"wp:featuredmedia":[{"embeddable":true,"href":"https:\/\/pms-sound-light.de\/index.php?rest_route=\/wp\/v2\/media\/403"}],"wp:attachment":[{"href":"https:\/\/pms-sound-light.de\/index.php?rest_route=%2Fwp%2Fv2%2Fmedia&parent=7"}],"curies":[{"name":"wp","href":"https:\/\/api.w.org\/{rel}","templated":true}]}}