{"id":48,"date":"2019-10-25T12:46:51","date_gmt":"2019-10-25T12:46:51","guid":{"rendered":"http:\/\/2019.pms-laserdream.de\/?page_id=48"},"modified":"2022-08-09T23:22:27","modified_gmt":"2022-08-09T23:22:27","slug":"laserwerbung","status":"publish","type":"page","link":"https:\/\/pms-sound-light.de\/?page_id=48","title":{"rendered":"Zukunftsorientiert"},"content":{"rendered":"\r\n<p>Innovativ, modern, fortschrittlich, wegweisend, neuzeitlich, vorausschauend, nachhaltig.<br \/><br \/>Dies sind einige Begriffe, die wir mit der \u00dcberschrift &#8222;Zukunftsorientiert&#8220; in Verbindung bringen und was wir als modernes und zeitgem\u00e4\u00dfes Unternehmen auch gro\u00df schreiben.<br \/>Was bringt uns die Zukunft? Wo m\u00fcssen wir umdenken und handeln?<br \/>Zukunftsorientierte Unternehmen tun genau das &#8211; sie orientieren sich an der Zukunft. Sie denken voraus. Sie planen.<br \/>Ein wesentlicher Bestandteil des Planens besteht darin zu erkennen, wie sich die Branche in den n\u00e4chsten Jahren entwickeln wird.\u00a0<\/p>\r\n<p>Wir haben Ziele und m\u00f6chten diese auch erreichen. Das tun wir auch im Hinblick auf die Nachhaltigkeit und einem immer wesentlicher werdenden Umweltgedanken.<\/p>\r\n","protected":false},"excerpt":{"rendered":"<p>Innovativ, modern, fortschrittlich, wegweisend, neuzeitlich, vorausschauend, nachhaltig. Dies sind einige Begriffe, die wir mit der \u00dcberschrift &#8222;Zukunftsorientiert&#8220; in Verbindung bringen und was wir als modernes und zeitgem\u00e4\u00dfes Unternehmen auch gro\u00df schreiben.Was bringt uns die Zukunft? &hellip;<\/p>\n","protected":false},"author":1,"featured_media":410,"parent":0,"menu_order":0,"comment_status":"closed","ping_status":"closed","template":"","meta":[],"_links":{"self":[{"href":"https:\/\/pms-sound-light.de\/index.php?rest_route=\/wp\/v2\/pages\/48"}],"collection":[{"href":"https:\/\/pms-sound-light.de\/index.php?rest_route=\/wp\/v2\/pages"}],"about":[{"href":"https:\/\/pms-sound-light.de\/index.php?rest_route=\/wp\/v2\/types\/page"}],"author":[{"embeddable":true,"href":"https:\/\/pms-sound-light.de\/index.php?rest_route=\/wp\/v2\/users\/1"}],"replies":[{"embeddable":true,"href":"https:\/\/pms-sound-light.de\/index.php?rest_route=%2Fwp%2Fv2%2Fcomments&post=48"}],"version-history":[{"count":6,"href":"https:\/\/pms-sound-light.de\/index.php?rest_route=\/wp\/v2\/pages\/48\/revisions"}],"predecessor-version":[{"id":411,"href":"https:\/\/pms-sound-light.de\/index.php?rest_route=\/wp\/v2\/pages\/48\/revisions\/411"}],"wp:featuredmedia":[{"embeddable":true,"href":"https:\/\/pms-sound-light.de\/index.php?rest_route=\/wp\/v2\/media\/410"}],"wp:attachment":[{"href":"https:\/\/pms-sound-light.de\/index.php?rest_route=%2Fwp%2Fv2%2Fmedia&parent=48"}],"curies":[{"name":"wp","href":"https:\/\/api.w.org\/{rel}","templated":true}]}}