{"id":45,"date":"2019-10-25T12:37:08","date_gmt":"2019-10-25T12:37:08","guid":{"rendered":"http:\/\/2019.pms-laserdream.de\/?page_id=45"},"modified":"2022-08-09T23:30:07","modified_gmt":"2022-08-09T23:30:07","slug":"lasershow-individuell-programmiert","status":"publish","type":"page","link":"https:\/\/pms-sound-light.de\/?page_id=45","title":{"rendered":"Sicherheit"},"content":{"rendered":"<p>Lasertechnik kann heute jeder k\u00e4uflich erwerben &#8211; in jeglichen Preisklassen. Ab der Laserklasse 3b muss der Nachweis zur Sachkunde belegt werden &#8211; Nachweis und Zertifikat als Laserschutzbeauftragter.\u00a0<br \/>Laserstrahlung kann irreparable Sch\u00e4den an Augen und Haut verursachen. Daher ist der Lasereinsatz sehr genau zu planen. Die Einrichtung von Sicherheitsbereichen sowie die Zutritts- und Aufenthaltsbeschr\u00e4nkung m\u00fcssen klar definiert und umgesetzt werden. Hier steht der Laserschutzbauftragte in der Verantwortung &#8211; gemeinsam mit dem Verantalter. Wir erstellen je nach Anforderung eine Gef\u00e4hrdungsbeurteilung und beschreiben dort die Einrichtung und Umsetzung der Lasershow und Schutzziele.<br \/>Ebenso ist es wichtig mit der richtigen Laserleistung zu arbeiten. Wir projektieren und erarbeiten in einem Konzept die richtige Laserleistung f\u00fcr die Location und den Showzweck.<br \/>Die Einrichtung der Laser am Veranstaltungsort ist mitunter ein weiterer kritischer Moment. Wichtig ist, dass man m\u00f6glichst niedriger Laserleistung die Justierung vornimmt.<\/p>\n<p>Der Betreiber der Laser haftet und somit ist es sehr wichtig, dass die gew\u00e4hlte Haftpflichtversicherung auch den Einsatz von Showlasern mit abdeckt. Nicht jeder Versicherungstr\u00e4ger steht hierf\u00fcr ein &#8211; es muss meist gesondert erfragt und beauftragt werden.<\/p>\n<p>Die Lasersicherheit ist das wichtigste Thema zur Umsetzung der Lasershow!<\/p>\n","protected":false},"excerpt":{"rendered":"<p>Lasertechnik kann heute jeder k\u00e4uflich erwerben &#8211; in jeglichen Preisklassen. Ab der Laserklasse 3b muss der Nachweis zur Sachkunde belegt werden &#8211; Nachweis und Zertifikat als Laserschutzbeauftragter.\u00a0Laserstrahlung kann irreparable Sch\u00e4den an Augen und Haut verursachen. &hellip;<\/p>\n","protected":false},"author":1,"featured_media":412,"parent":0,"menu_order":0,"comment_status":"closed","ping_status":"closed","template":"","meta":[],"_links":{"self":[{"href":"https:\/\/pms-sound-light.de\/index.php?rest_route=\/wp\/v2\/pages\/45"}],"collection":[{"href":"https:\/\/pms-sound-light.de\/index.php?rest_route=\/wp\/v2\/pages"}],"about":[{"href":"https:\/\/pms-sound-light.de\/index.php?rest_route=\/wp\/v2\/types\/page"}],"author":[{"embeddable":true,"href":"https:\/\/pms-sound-light.de\/index.php?rest_route=\/wp\/v2\/users\/1"}],"replies":[{"embeddable":true,"href":"https:\/\/pms-sound-light.de\/index.php?rest_route=%2Fwp%2Fv2%2Fcomments&post=45"}],"version-history":[{"count":4,"href":"https:\/\/pms-sound-light.de\/index.php?rest_route=\/wp\/v2\/pages\/45\/revisions"}],"predecessor-version":[{"id":413,"href":"https:\/\/pms-sound-light.de\/index.php?rest_route=\/wp\/v2\/pages\/45\/revisions\/413"}],"wp:featuredmedia":[{"embeddable":true,"href":"https:\/\/pms-sound-light.de\/index.php?rest_route=\/wp\/v2\/media\/412"}],"wp:attachment":[{"href":"https:\/\/pms-sound-light.de\/index.php?rest_route=%2Fwp%2Fv2%2Fmedia&parent=45"}],"curies":[{"name":"wp","href":"https:\/\/api.w.org\/{rel}","templated":true}]}}