{"id":41,"date":"2019-10-25T12:35:33","date_gmt":"2019-10-25T12:35:33","guid":{"rendered":"http:\/\/2019.pms-laserdream.de\/?page_id=41"},"modified":"2019-11-29T10:35:19","modified_gmt":"2019-11-29T10:35:19","slug":"laser-life-to-music","status":"publish","type":"page","link":"https:\/\/pms-sound-light.de\/?page_id=41","title":{"rendered":"Einsatzgebiete"},"content":{"rendered":"\r\n<p><strong>Firmenevents<\/strong><br \/>&#8211; Jubil\u00e4um<br \/>&#8211; Produktpr\u00e4sentation<br \/>&#8211; Neubauten Er\u00f6ffnung<br \/>&#8211; Tag der offenen T\u00fcr<br \/>Diese Lasershows stellen eine hohe Anforderung an den Dienstleister. Gew\u00f6hnlich unterliegen diese Events strikten Vorgaben, was das &#8222;Corporate Identity&#8220; des Unternehmens betrifft (Logo- und Farbdesign). Die Umsetzung von Lasershows f\u00fcr Firmenveranstaltungen sind daher sehr komplex und aufw\u00e4ndig. Hier ist es wichtig, dass der Kunde richtig beraten wird was mit modernen Lasern umgesetzt werden kann. Wir gehen noch einen Schritt weiter und planen diese Events auch in 3D, so dass wir dem Kunden im Vorfeld bereits einen sehr realistischen Eindruck der Show vermitteln k\u00f6nnen.<br \/><br \/><strong>Stadtfeste<\/strong><br \/>&#8211; Kulturelle Veranstaltungen<br \/>&#8211; B\u00fcrgerfeste<br \/>&#8211; Shopping Night<br \/>Meist zum Abschluss oder als H\u00f6hepunkt eines Stadtfestes m\u00f6chte man die Besucher und G\u00e4ste mit einem besonderen Highlight f\u00fcr sich gewinnen. Oftmals kommen aufw\u00e4ndige Pyroshows und Feuerwerke zum Einsatz. Viele unserer Kunden suchen daher Alternativen &#8211; M\u00f6glichkeiten zur Aufwertung ihrer Festveranstaltung. Wir bieten hierzu frei kombinierbare Lasershows programmiert zu Musik. Je nach Budget wird das Konzept erweitert mit einer zus\u00e4tzlichen Light- und Pyroshow.<br \/><br \/><strong>Gro\u00dfprojektionen \/ Geb\u00e4udemapping<\/strong><br \/>&#8211; Logoprojektion<br \/>&#8211; Geb\u00e4udeprojektion<br \/>&#8211; Bergprojektion<br \/>Die Umsetzung von Logoprojektionen und Geb\u00e4udemappings sind sehr aufw\u00e4ndig und bedeuten eine genaue Erarbeitung und Abstimmung der gew\u00fcnschten Ziele. Daraus bestimmt sich in erster Linie die einzusetzende Technik (z.B. Laserleistung, Qualit\u00e4t der Scanner) und schlussendlich auch das Konzept. Auch hier unterliegt das Event strikten Vorgaben, was die &#8222;Corporate Identity&#8220; zu den darzustellenden Logos und Mappings angeht.\u00a0<br \/><br \/><strong>Festivals &amp; Konzerte<\/strong><br \/>&#8211; Musikfestivals<br \/>&#8211; B\u00fchnenshows\u00a0 f\u00fcr Tribute-Bands<br \/>&#8211; Livemusik<br \/>Eine besondere Herausforderung ist die Lasersteuerung LIVE zur Musik. Ob es ein Musikfestivals oder das Konzert einer Tribute-Showband ist, es ist eine besondere Herausforderung f\u00fcr den Opterator und die eingesetzte Technik. Unser Konzept ist, die richtige Lasershow f\u00fcr ihr Festival oder B\u00fchnenshow zu liefern. In enger Abstimmung mit der Lichttechnik eine einzigartige Show zu kreieren in Einbezug weiterer Effekte wie z.B. Pyro oder CO2 &#8211; ist unser Markenzeichen.<br \/><br \/><strong>Private Feiern<\/strong><br \/>&#8211; Geburtstag<br \/>&#8211; Hochzeit<br \/>Seit einigen Jahren realisieren wir Lasershows zu ganz besonderen Anl\u00e4ssen. Eine Hochzeit soll der sch\u00f6nste Tag im Leben werden und dabei unterst\u00fctzen wir gerne. Die Realisierung komplexer Licht- und Lasershows ist unser Markenzeichen. Das Hochzeitspaar hat bestimmte Vorstellungen zur Realisierung mit speziell ausgew\u00e4hlter Musik oder eventuell auch Schriftz\u00fcge, Logos und Grafiken. Alles zusammen verpackt in eine Lasershow &#8211; das ist ein ganz besonderes Erlebnis. Die Planung und Umsetzung je nach Kundenwunsch bedarf einer l\u00e4ngeren Vorlaufzeit.<br \/><br \/><strong>&#8230;. und vieles mehr!<\/strong><br \/>Die Lasertechnik ist heute sehr individuell und kreativ einsetzbar. Beam- und Grafiklasershows begeistern Zuschauer und Veranstalter gleicherma\u00dfen. Es ist eine besondere Form des Lichtes &#8211; das fasziniert &#8211; das beeindruckt. Lassen auch Sie sich \u00fcberzeugen von unserer Leistungsf\u00e4higkeit. Wir stehen Ihnen mit Beratung, Konzepten und L\u00f6sungen jederzeit zur Verf\u00fcgung.<br \/><br \/><br \/><\/p>\r\n\r\n\r\n\r\n<figure class=\"wp-block-image\"><\/figure>\r\n","protected":false},"excerpt":{"rendered":"<p>Firmenevents&#8211; Jubil\u00e4um&#8211; Produktpr\u00e4sentation&#8211; Neubauten Er\u00f6ffnung&#8211; Tag der offenen T\u00fcrDiese Lasershows stellen eine hohe Anforderung an den Dienstleister. Gew\u00f6hnlich unterliegen diese Events strikten Vorgaben, was das &#8222;Corporate Identity&#8220; des Unternehmens betrifft (Logo- und Farbdesign). Die Umsetzung &hellip;<\/p>\n","protected":false},"author":1,"featured_media":148,"parent":0,"menu_order":0,"comment_status":"closed","ping_status":"closed","template":"","meta":[],"_links":{"self":[{"href":"https:\/\/pms-sound-light.de\/index.php?rest_route=\/wp\/v2\/pages\/41"}],"collection":[{"href":"https:\/\/pms-sound-light.de\/index.php?rest_route=\/wp\/v2\/pages"}],"about":[{"href":"https:\/\/pms-sound-light.de\/index.php?rest_route=\/wp\/v2\/types\/page"}],"author":[{"embeddable":true,"href":"https:\/\/pms-sound-light.de\/index.php?rest_route=\/wp\/v2\/users\/1"}],"replies":[{"embeddable":true,"href":"https:\/\/pms-sound-light.de\/index.php?rest_route=%2Fwp%2Fv2%2Fcomments&post=41"}],"version-history":[{"count":7,"href":"https:\/\/pms-sound-light.de\/index.php?rest_route=\/wp\/v2\/pages\/41\/revisions"}],"predecessor-version":[{"id":353,"href":"https:\/\/pms-sound-light.de\/index.php?rest_route=\/wp\/v2\/pages\/41\/revisions\/353"}],"wp:featuredmedia":[{"embeddable":true,"href":"https:\/\/pms-sound-light.de\/index.php?rest_route=\/wp\/v2\/media\/148"}],"wp:attachment":[{"href":"https:\/\/pms-sound-light.de\/index.php?rest_route=%2Fwp%2Fv2%2Fmedia&parent=41"}],"curies":[{"name":"wp","href":"https:\/\/api.w.org\/{rel}","templated":true}]}}