{"id":38,"date":"2019-10-25T12:33:43","date_gmt":"2019-10-25T12:33:43","guid":{"rendered":"http:\/\/2019.pms-laserdream.de\/?page_id=38"},"modified":"2022-08-09T23:19:08","modified_gmt":"2022-08-09T23:19:08","slug":"was-ist-eine-lasershow","status":"publish","type":"page","link":"https:\/\/pms-sound-light.de\/?page_id=38","title":{"rendered":"Lasershows"},"content":{"rendered":"\r\n<p><strong>Die Lasertechnik ist bei vielen Show-Produktionen und Veranstaltungen nicht mehr wegzudenken und bedeutet eine Aufwertung Ihres Events.\u00a0<\/strong><br \/><br \/>Als Lasershow bezeichnet man den Einsatz von Laserstrahlen als Beleuchtungseffekt. Man unterscheidet zwischen Projektions- und Beamshow. Bei der Projektionsshow (Grafik) werden mit dem Laser Bilder und Animationen auf einer Projektionsfl\u00e4che (W\u00e4nde, Leinw\u00e4nde) abgebildet, w\u00e4hrend bei der Beamshow die Laserstrahlen in Richtung der Betrachter in den Raum hinein projeziert werden. Durch im Raum befindlichen Dunst\/Haze (Nebel) sehen die Zuschauer fl\u00e4chige Muster oder Linien, die sich vom Ausgangspunkt am Spiegel zum Betrachter hin r\u00e4umlich ausdehnen. Eine Lasershow ist immer auch ein besonderes visuelles und emotionales Erlebnis.<\/p>\r\n\r\n\r\n\r\n<p>Lassen Sie sich von uns beraten\/\u00fcberzeugen. Wir werten Ihr Event mit der passenden Lasershow auf.<\/p>\r\n\r\n\r\n\r\n<div class=\"wp-block-image\">\r\n<figure class=\"aligncenter\"><a href=\"http:\/\/2019.pms-laserdream.de\/wp-content\/uploads\/2019\/11\/Projekt_Silent1.jpg\"><img decoding=\"async\" loading=\"lazy\" width=\"683\" height=\"1024\" class=\"wp-image-190\" src=\"http:\/\/2019.pms-laserdream.de\/wp-content\/uploads\/2019\/11\/Projekt_Silent1-683x1024.jpg\" alt=\"\" srcset=\"https:\/\/pms-sound-light.de\/wp-content\/uploads\/2019\/11\/Projekt_Silent1-683x1024.jpg 683w, https:\/\/pms-sound-light.de\/wp-content\/uploads\/2019\/11\/Projekt_Silent1-200x300.jpg 200w, https:\/\/pms-sound-light.de\/wp-content\/uploads\/2019\/11\/Projekt_Silent1-768x1152.jpg 768w\" sizes=\"(max-width: 683px) 100vw, 683px\" \/><\/a><\/figure>\r\n<\/div>\r\n","protected":false},"excerpt":{"rendered":"<p>Die Lasertechnik ist bei vielen Show-Produktionen und Veranstaltungen nicht mehr wegzudenken und bedeutet eine Aufwertung Ihres Events.\u00a0 Als Lasershow bezeichnet man den Einsatz von Laserstrahlen als Beleuchtungseffekt. Man unterscheidet zwischen Projektions- und Beamshow. Bei der &hellip;<\/p>\n","protected":false},"author":1,"featured_media":408,"parent":0,"menu_order":0,"comment_status":"closed","ping_status":"closed","template":"","meta":[],"_links":{"self":[{"href":"https:\/\/pms-sound-light.de\/index.php?rest_route=\/wp\/v2\/pages\/38"}],"collection":[{"href":"https:\/\/pms-sound-light.de\/index.php?rest_route=\/wp\/v2\/pages"}],"about":[{"href":"https:\/\/pms-sound-light.de\/index.php?rest_route=\/wp\/v2\/types\/page"}],"author":[{"embeddable":true,"href":"https:\/\/pms-sound-light.de\/index.php?rest_route=\/wp\/v2\/users\/1"}],"replies":[{"embeddable":true,"href":"https:\/\/pms-sound-light.de\/index.php?rest_route=%2Fwp%2Fv2%2Fcomments&post=38"}],"version-history":[{"count":6,"href":"https:\/\/pms-sound-light.de\/index.php?rest_route=\/wp\/v2\/pages\/38\/revisions"}],"predecessor-version":[{"id":409,"href":"https:\/\/pms-sound-light.de\/index.php?rest_route=\/wp\/v2\/pages\/38\/revisions\/409"}],"wp:featuredmedia":[{"embeddable":true,"href":"https:\/\/pms-sound-light.de\/index.php?rest_route=\/wp\/v2\/media\/408"}],"wp:attachment":[{"href":"https:\/\/pms-sound-light.de\/index.php?rest_route=%2Fwp%2Fv2%2Fmedia&parent=38"}],"curies":[{"name":"wp","href":"https:\/\/api.w.org\/{rel}","templated":true}]}}